{"id":32,"date":"2025-12-08T10:31:58","date_gmt":"2025-12-08T10:31:58","guid":{"rendered":"http:\/\/iaminkorea.net\/?page_id=32"},"modified":"2025-12-10T16:07:11","modified_gmt":"2025-12-10T16:07:11","slug":"home","status":"publish","type":"page","link":"https:\/\/iaminkorea.net\/","title":{"rendered":"HOME"},"content":{"rendered":"\n<div class=\"wp-block-group home-board-section\"><div class=\"wp-block-group__inner-container is-layout-constrained wp-block-group-is-layout-constrained\">\n<h2>\n  <a href=\"?page_id=199\" style=\"text-decoration:none; color:inherit;\">\n    \ub274\uc2a4\/\uc774\uc288 \ud83d\udcf0\n  <\/a>\n<\/h2>\n\n\n<div id=\"kboard-thumbnail-latest\">\r\n\t<table>\r\n\t\t<thead>\r\n\t\t\t<tr>\r\n\t\t\t\t<th class=\"kboard-latest-title\">\uc81c\ubaa9<\/th>\r\n\t\t\t\t<th class=\"kboard-latest-date\">\uc791\uc131\uc77c<\/th>\r\n\t\t\t<\/tr>\r\n\t\t<\/thead>\r\n\t\t<tbody>\r\n\t\t\t\t\t\t<tr>\r\n\t\t\t\t<td class=\"kboard-latest-title\">\r\n\t\t\t\t\t<a href=\"\/\ub274\uc2a4\/\uc774\uc288?rest_route=%2Fwp%2Fv2%2Fpages%2F32&uid=9&mod=document\">\r\n\t\t\t\t\t\t<div class=\"kboard-thumbnail-cut-strings\">\r\n\t\t\t\t\t\t\t\t\t\t\t\t\t\t\t\t\t\t\t\t\tCh\u00ednh s\u00e1ch Nh\u00e2n l\u1ef1c H\u00e0n Qu\u1ed1c M\u1edbi: H\u1ed7 tr\u1ee3 Visa Vi\u1ec7c l\u00e0m cho Sinh vi\u00ean Qu\u1ed1c t\u1ebf v\u00e0 \u0110\u00e0o t\u1ea1o Ngh\u1ec1 cho Lao \u0111\u1ed9ng E-9\t\t\t\t\t\t\t<span class=\"kboard-comments-count\"><\/span>\r\n\t\t\t\t\t\t<\/div>\r\n\t\t\t\t\t<\/a>\r\n\t\t\t\t<\/td>\r\n\t\t\t\t<td class=\"kboard-latest-date\">2025.12.10<\/td>\r\n\t\t\t<\/tr>\r\n\t\t\t\t\t\t<tr>\r\n\t\t\t\t<td class=\"kboard-latest-title\">\r\n\t\t\t\t\t<a href=\"\/\ub274\uc2a4\/\uc774\uc288?rest_route=%2Fwp%2Fv2%2Fpages%2F32&uid=8&mod=document\">\r\n\t\t\t\t\t\t<div class=\"kboard-thumbnail-cut-strings\">\r\n\t\t\t\t\t\t\t\t\t\t\t\t\t\t\t\t\t\t\t\t\t\u062a\u0633\u0647\u1ec7 C\u01a1 h\u1ed9i Vi\u1ec7c l\u00e0m cho Sinh vi\u00ean Qu\u1ed1c t\u1ebf: Mi\u1ec5n \u0110i\u1ec1u ki\u1ec7n Kinh nghi\u1ec7m n\u1ebfu Tham gia H\u1ec7 th\u1ed1ng \"H\u1ecdc Song H\u00e0nh v\u1edbi C\u00f4ng vi\u1ec7c\t\t\t\t\t\t\t<span class=\"kboard-comments-count\"><\/span>\r\n\t\t\t\t\t\t<\/div>\r\n\t\t\t\t\t<\/a>\r\n\t\t\t\t<\/td>\r\n\t\t\t\t<td class=\"kboard-latest-date\">2025.12.10<\/td>\r\n\t\t\t<\/tr>\r\n\t\t\t\t\t<\/tbody>\r\n\t<\/table>\r\n<\/div>\n<\/div><\/div>\n\n\n\n<div class=\"wp-block-group home-board-section\"><div class=\"wp-block-group__inner-container is-layout-constrained wp-block-group-is-layout-constrained\">\n<h2>\n  <a href=\"?page_id=11\" style=\"text-decoration:none; color:inherit;\">\n    \uc790\uc720\uac8c\uc2dc\ud310 \ud83d\udd25\n  <\/a>\n<\/h2>\n\n\n<div id=\"kboard-default-latest\">\r\n\t<table>\r\n\t\t<thead>\r\n\t\t\t<tr>\r\n\t\t\t\t<th class=\"kboard-latest-title\">\uc81c\ubaa9<\/th>\r\n\t\t\t\t<th class=\"kboard-latest-date\">\uc791\uc131\uc77c<\/th>\r\n\t\t\t<\/tr>\r\n\t\t<\/thead>\r\n\t\t<tbody>\r\n\t\t\t\t\t<\/tbody>\r\n\t<\/table>\r\n<\/div>\n<\/div><\/div>\n\n\n\n<div class=\"wp-block-group home-board-section\"><div class=\"wp-block-group__inner-container is-layout-constrained wp-block-group-is-layout-constrained\">\n<h2>\n  <a href=\"?page_id=13\" style=\"text-decoration:none; color:inherit;\">\n    \ud55c\uad6d\uc0dd\ud65c Q&#038;A \uac8c\uc2dc\ud310 \ud83e\udde0\n  <\/a>\n<\/h2>\n\n\n<div id=\"kboard-default-latest\">\r\n\t<table>\r\n\t\t<thead>\r\n\t\t\t<tr>\r\n\t\t\t\t<th class=\"kboard-latest-title\">\uc81c\ubaa9<\/th>\r\n\t\t\t\t<th class=\"kboard-latest-date\">\uc791\uc131\uc77c<\/th>\r\n\t\t\t<\/tr>\r\n\t\t<\/thead>\r\n\t\t<tbody>\r\n\t\t\t\t\t<\/tbody>\r\n\t<\/table>\r\n<\/div>\n<\/div><\/div>\n\n\n\n<div class=\"wp-block-group home-board-section\"><div class=\"wp-block-group__inner-container is-layout-constrained wp-block-group-is-layout-constrained\">\n<h2>\n  <a href=\"?page_id=20\" style=\"text-decoration:none; color:inherit;\">\n    \uc775\uba85 \uac8c\uc2dc\ud310 \ud83d\udd75\ufe0f\n  <\/a>\n<\/h2>\n\n\n<div id=\"kboard-default-latest\">\r\n\t<table>\r\n\t\t<thead>\r\n\t\t\t<tr>\r\n\t\t\t\t<th class=\"kboard-latest-title\">\uc81c\ubaa9<\/th>\r\n\t\t\t\t<th class=\"kboard-latest-date\">\uc791\uc131\uc77c<\/th>\r\n\t\t\t<\/tr>\r\n\t\t<\/thead>\r\n\t\t<tbody>\r\n\t\t\t\t\t<\/tbody>\r\n\t<\/table>\r\n<\/div>\n<\/div><\/div>\n\n\n\n<div class=\"wp-block-group home-board-section\"><div class=\"wp-block-group__inner-container is-layout-constrained wp-block-group-is-layout-constrained\">\n<h2>\n  <a href=\"?page_id=16\" style=\"text-decoration:none; color:inherit;\">\n    \uc9d1 \ucc3e\uc544\uc694, \uc9d1 \uc788\uc5b4\uc694 \ud83c\udfe0\n  <\/a>\n<\/h2>\n\n\n<div id=\"kboard-thumbnail-latest\">\r\n\t<table>\r\n\t\t<thead>\r\n\t\t\t<tr>\r\n\t\t\t\t<th class=\"kboard-latest-title\">\uc81c\ubaa9<\/th>\r\n\t\t\t\t<th class=\"kboard-latest-date\">\uc791\uc131\uc77c<\/th>\r\n\t\t\t<\/tr>\r\n\t\t<\/thead>\r\n\t\t<tbody>\r\n\t\t\t\t\t\t<tr>\r\n\t\t\t\t<td class=\"kboard-latest-title\">\r\n\t\t\t\t\t<a href=\"https:\/\/iaminkorea.net\/?page_id=16&rest_route=%2Fwp%2Fv2%2Fpages%2F32&uid=5&mod=document\">\r\n\t\t\t\t\t\t<div class=\"kboard-thumbnail-cut-strings\">\r\n\t\t\t\t\t\t\t\t\t\t\t\t\t\t\t\t\t\t\t\t\tasd\t\t\t\t\t\t\t<span class=\"kboard-comments-count\"><\/span>\r\n\t\t\t\t\t\t<\/div>\r\n\t\t\t\t\t<\/a>\r\n\t\t\t\t<\/td>\r\n\t\t\t\t<td class=\"kboard-latest-date\">2025.12.08<\/td>\r\n\t\t\t<\/tr>\r\n\t\t\t\t\t<\/tbody>\r\n\t<\/table>\r\n<\/div>\n<\/div><\/div>\n\n\n\n<div class=\"wp-block-group home-board-section\"><div class=\"wp-block-group__inner-container is-layout-constrained wp-block-group-is-layout-constrained\">\n<h2>\n  <a href=\"?page_id=22\" style=\"text-decoration:none; color:inherit;\">\n    Jobs in Korea \ud83d\udcbc \n  <\/a>\n<\/h2>\n\n\n<div id=\"kboard-default-latest\">\r\n\t<table>\r\n\t\t<thead>\r\n\t\t\t<tr>\r\n\t\t\t\t<th class=\"kboard-latest-title\">\uc81c\ubaa9<\/th>\r\n\t\t\t\t<th class=\"kboard-latest-date\">\uc791\uc131\uc77c<\/th>\r\n\t\t\t<\/tr>\r\n\t\t<\/thead>\r\n\t\t<tbody>\r\n\t\t\t\t\t<\/tbody>\r\n\t<\/table>\r\n<\/div>\n<\/div><\/div>\n\n\n\n<p><\/p>\n","protected":false},"excerpt":{"rendered":"<p>\ub274\uc2a4\/\uc774\uc288 \ud83d\udcf0 \uc790\uc720\uac8c\uc2dc\ud310 \ud83d\udd25 \ud55c\uad6d\uc0dd\ud65c Q&#038;A \uac8c\uc2dc\ud310 \ud83e\udde0 \uc775\uba85 \uac8c\uc2dc\ud310 \ud83d\udd75\ufe0f \uc9d1 \ucc3e\uc544\uc694, \uc9d1 \uc788\uc5b4\uc694 \ud83c\udfe0 Jobs in Korea \ud83d\udcbc<\/p>\n","protected":false},"author":1,"featured_media":0,"parent":0,"menu_order":0,"comment_status":"closed","ping_status":"closed","template":"","meta":{"_uag_custom_page_level_css":"","footnotes":""},"class_list":["post-32","page","type-page","status-publish"],"yoast_head":"<!-- This site is optimized with the Yoast SEO plugin v26.4 - https:\/\/yoast.com\/wordpress\/plugins\/seo\/ -->\n<title>HOME - I am in Korea<\/title>\n<meta name=\"robots\" content=\"index, follow, max-snippet:-1, max-image-preview:large, max-video-preview:-1\" \/>\n<link rel=\"canonical\" href=\"https:\/\/iaminkorea.net\/\" \/>\n<meta property=\"og:locale\" content=\"ko_KR\" \/>\n<meta property=\"og:type\" content=\"article\" \/>\n<meta property=\"og:title\" content=\"HOME - I am in Korea\" \/>\n<meta property=\"og:description\" content=\"\ub274\uc2a4\/\uc774\uc288 \ud83d\udcf0 \uc790\uc720\uac8c\uc2dc\ud310 \ud83d\udd25 \ud55c\uad6d\uc0dd\ud65c Q&#038;A \uac8c\uc2dc\ud310 \ud83e\udde0 \uc775\uba85 \uac8c\uc2dc\ud310 \ud83d\udd75\ufe0f \uc9d1 \ucc3e\uc544\uc694, \uc9d1 \uc788\uc5b4\uc694 \ud83c\udfe0 Jobs in Korea \ud83d\udcbc\" \/>\n<meta property=\"og:url\" content=\"https:\/\/iaminkorea.net\/\" \/>\n<meta property=\"og:site_name\" content=\"I am in Korea\" \/>\n<meta property=\"article:modified_time\" content=\"2025-12-10T16:07:11+00:00\" \/>\n<meta name=\"twitter:card\" content=\"summary_large_image\" \/>\n<meta name=\"twitter:label1\" content=\"\uc608\uc0c1 \ub418\ub294 \ud310\ub3c5 \uc2dc\uac04\" \/>\n\t<meta name=\"twitter:data1\" content=\"1\ubd84\" \/>\n<script type=\"application\/ld+json\" class=\"yoast-schema-graph\">{\"@context\":\"https:\/\/schema.org\",\"@graph\":[{\"@type\":\"WebPage\",\"@id\":\"https:\/\/iaminkorea.net\/\",\"url\":\"https:\/\/iaminkorea.net\/\",\"name\":\"HOME - I am in Korea\",\"isPartOf\":{\"@id\":\"https:\/\/iaminkorea.net\/#website\"},\"datePublished\":\"2025-12-08T10:31:58+00:00\",\"dateModified\":\"2025-12-10T16:07:11+00:00\",\"breadcrumb\":{\"@id\":\"https:\/\/iaminkorea.net\/#breadcrumb\"},\"inLanguage\":\"ko-KR\",\"potentialAction\":[{\"@type\":\"ReadAction\",\"target\":[\"https:\/\/iaminkorea.net\/\"]}]},{\"@type\":\"BreadcrumbList\",\"@id\":\"https:\/\/iaminkorea.net\/#breadcrumb\",\"itemListElement\":[{\"@type\":\"ListItem\",\"position\":1,\"name\":\"Home\",\"item\":\"https:\/\/iaminkorea.net\/\"},{\"@type\":\"ListItem\",\"position\":2,\"name\":\"HOME\"}]},{\"@type\":\"WebSite\",\"@id\":\"https:\/\/iaminkorea.net\/#website\",\"url\":\"https:\/\/iaminkorea.net\/\",\"name\":\"I am in Korea\",\"description\":\"\",\"potentialAction\":[{\"@type\":\"SearchAction\",\"target\":{\"@type\":\"EntryPoint\",\"urlTemplate\":\"https:\/\/iaminkorea.net\/?s={search_term_string}\"},\"query-input\":{\"@type\":\"PropertyValueSpecification\",\"valueRequired\":true,\"valueName\":\"search_term_string\"}}],\"inLanguage\":\"ko-KR\"}]}<\/script>\n<!-- \/ Yoast SEO plugin. -->","yoast_head_json":{"title":"HOME - I am in Korea","robots":{"index":"index","follow":"follow","max-snippet":"max-snippet:-1","max-image-preview":"max-image-preview:large","max-video-preview":"max-video-preview:-1"},"canonical":"https:\/\/iaminkorea.net\/","og_locale":"ko_KR","og_type":"article","og_title":"HOME - I am in Korea","og_description":"\ub274\uc2a4\/\uc774\uc288 \ud83d\udcf0 \uc790\uc720\uac8c\uc2dc\ud310 \ud83d\udd25 \ud55c\uad6d\uc0dd\ud65c Q&#038;A \uac8c\uc2dc\ud310 \ud83e\udde0 \uc775\uba85 \uac8c\uc2dc\ud310 \ud83d\udd75\ufe0f \uc9d1 \ucc3e\uc544\uc694, \uc9d1 \uc788\uc5b4\uc694 \ud83c\udfe0 Jobs in Korea \ud83d\udcbc","og_url":"https:\/\/iaminkorea.net\/","og_site_name":"I am in Korea","article_modified_time":"2025-12-10T16:07:11+00:00","twitter_card":"summary_large_image","twitter_misc":{"\uc608\uc0c1 \ub418\ub294 \ud310\ub3c5 \uc2dc\uac04":"1\ubd84"},"schema":{"@context":"https:\/\/schema.org","@graph":[{"@type":"WebPage","@id":"https:\/\/iaminkorea.net\/","url":"https:\/\/iaminkorea.net\/","name":"HOME - I am in Korea","isPartOf":{"@id":"https:\/\/iaminkorea.net\/#website"},"datePublished":"2025-12-08T10:31:58+00:00","dateModified":"2025-12-10T16:07:11+00:00","breadcrumb":{"@id":"https:\/\/iaminkorea.net\/#breadcrumb"},"inLanguage":"ko-KR","potentialAction":[{"@type":"ReadAction","target":["https:\/\/iaminkorea.net\/"]}]},{"@type":"BreadcrumbList","@id":"https:\/\/iaminkorea.net\/#breadcrumb","itemListElement":[{"@type":"ListItem","position":1,"name":"Home","item":"https:\/\/iaminkorea.net\/"},{"@type":"ListItem","position":2,"name":"HOME"}]},{"@type":"WebSite","@id":"https:\/\/iaminkorea.net\/#website","url":"https:\/\/iaminkorea.net\/","name":"I am in Korea","description":"","potentialAction":[{"@type":"SearchAction","target":{"@type":"EntryPoint","urlTemplate":"https:\/\/iaminkorea.net\/?s={search_term_string}"},"query-input":{"@type":"PropertyValueSpecification","valueRequired":true,"valueName":"search_term_string"}}],"inLanguage":"ko-KR"}]}},"uagb_featured_image_src":{"full":false,"thumbnail":false,"medium":false,"medium_large":false,"large":false,"1536x1536":false,"2048x2048":false,"trp-custom-language-flag":false},"uagb_author_info":{"display_name":"onsecon","author_link":"https:\/\/iaminkorea.net\/?author=1"},"uagb_comment_info":0,"uagb_excerpt":"\ub274\uc2a4\/\uc774\uc288 \ud83d\udcf0 \uc790\uc720\uac8c\uc2dc\ud310 \ud83d\udd25 \ud55c\uad6d\uc0dd\ud65c Q&#038;A \uac8c\uc2dc\ud310 \ud83e\udde0 \uc775\uba85 \uac8c\uc2dc\ud310 \ud83d\udd75\ufe0f \uc9d1 \ucc3e\uc544\uc694, \uc9d1 \uc788\uc5b4\uc694 \ud83c\udfe0 Jobs in Korea \ud83d\udcbc","_links":{"self":[{"href":"https:\/\/iaminkorea.net\/index.php?rest_route=\/wp\/v2\/pages\/32","targetHints":{"allow":["GET"]}}],"collection":[{"href":"https:\/\/iaminkorea.net\/index.php?rest_route=\/wp\/v2\/pages"}],"about":[{"href":"https:\/\/iaminkorea.net\/index.php?rest_route=\/wp\/v2\/types\/page"}],"author":[{"embeddable":true,"href":"https:\/\/iaminkorea.net\/index.php?rest_route=\/wp\/v2\/users\/1"}],"replies":[{"embeddable":true,"href":"https:\/\/iaminkorea.net\/index.php?rest_route=%2Fwp%2Fv2%2Fcomments&post=32"}],"version-history":[{"count":5,"href":"https:\/\/iaminkorea.net\/index.php?rest_route=\/wp\/v2\/pages\/32\/revisions"}],"predecessor-version":[{"id":210,"href":"https:\/\/iaminkorea.net\/index.php?rest_route=\/wp\/v2\/pages\/32\/revisions\/210"}],"wp:attachment":[{"href":"https:\/\/iaminkorea.net\/index.php?rest_route=%2Fwp%2Fv2%2Fmedia&parent=32"}],"curies":[{"name":"wp","href":"https:\/\/api.w.org\/{rel}","templated":true}]}}