{"id":199,"date":"2025-12-10T15:51:12","date_gmt":"2025-12-10T15:51:12","guid":{"rendered":"https:\/\/iaminkorea.net\/?page_id=199"},"modified":"2025-12-10T15:54:30","modified_gmt":"2025-12-10T15:54:30","slug":"%eb%89%b4%ec%8a%a4-%ec%9d%b4%ec%8a%88","status":"publish","type":"page","link":"https:\/\/iaminkorea.net\/?page_id=199","title":{"rendered":"\ub274\uc2a4\/\uc774\uc288"},"content":{"rendered":"<div id=\"kboard-thumbnail-list\">\r\n\t\r\n\t<!-- \uac8c\uc2dc\ud310 \uc815\ubcf4 \uc2dc\uc791 -->\r\n\t<div class=\"kboard-list-header\">\r\n\t\t\t\t\t<div class=\"kboard-total-count\">\r\n\t\t\t\t\uc804\uccb4 2\t\t\t<\/div>\r\n\t\t\t\t\r\n\t\t<div class=\"kboard-sort\">\r\n\t\t\t<form id=\"kboard-sort-form-6\" method=\"get\" action=\"\/index.php?rest_route=%2Fwp%2Fv2%2Fpages%2F199\">\r\n\t\t\t\t<input type=\"hidden\" name=\"rest_route\" value=\"\/wp\/v2\/pages\/199\"><input type=\"hidden\" name=\"mod\" value=\"list\"><input type=\"hidden\" name=\"pageid\" value=\"1\"><input type=\"hidden\" name=\"kboard_list_sort_remember\" value=\"6\">\t\t\t\t\r\n\t\t\t\t<select name=\"kboard_list_sort\" onchange=\"jQuery('#kboard-sort-form-6').submit();\">\r\n\t\t\t\t\t<option value=\"newest\" selected>\ucd5c\uc2e0\uc21c<\/option>\r\n\t\t\t\t\t<option value=\"best\">\ucd94\ucc9c\uc21c<\/option>\r\n\t\t\t\t\t<option value=\"viewed\">\uc870\ud68c\uc21c<\/option>\r\n\t\t\t\t\t<option value=\"updated\">\uc5c5\ub370\uc774\ud2b8\uc21c<\/option>\r\n\t\t\t\t<\/select>\r\n\t\t\t<\/form>\r\n\t\t<\/div>\r\n\t<\/div>\r\n\t<!-- \uac8c\uc2dc\ud310 \uc815\ubcf4 \ub05d -->\r\n\t\r\n\t<!-- \uce74\ud14c\uace0\ub9ac \uc2dc\uc791 -->\r\n\t\t<!-- \uce74\ud14c\uace0\ub9ac \ub05d -->\r\n\t\r\n\t<!-- \ub9ac\uc2a4\ud2b8 \uc2dc\uc791 -->\r\n\t<div class=\"kboard-list\">\r\n\t\t<table>\r\n\t\t\t<thead>\r\n\t\t\t\t<tr>\r\n\t\t\t\t\t<td class=\"kboard-list-uid\">\ubc88\ud638<\/td>\r\n\t\t\t\t\t<td class=\"kboard-list-thumbnail\">\uc378\ub124\uc77c<\/td>\r\n\t\t\t\t\t<td class=\"kboard-list-title\">\uc81c\ubaa9<\/td>\r\n\t\t\t\t\t<td class=\"kboard-list-user\">\uc791\uc131\uc790<\/td>\r\n\t\t\t\t\t<td class=\"kboard-list-date\">\uc791\uc131\uc77c<\/td>\r\n\t\t\t\t\t<td class=\"kboard-list-vote\">\ucd94\ucc9c<\/td>\r\n\t\t\t\t\t<td class=\"kboard-list-view\">\uc870\ud68c<\/td>\r\n\t\t\t\t<\/tr>\r\n\t\t\t<\/thead>\r\n\t\t\t<tbody>\r\n\t\t\t\t\t\t\t\t\t\t\t\t\t\t\t\t<tr class=\"\">\r\n\t\t\t\t\t<td class=\"kboard-list-uid\">2<\/td>\r\n\t\t\t\t\t<td class=\"kboard-list-thumbnail\">\r\n\t\t\t\t\t\t<a href=\"\/index.php?rest_route=%2Fwp%2Fv2%2Fpages%2F199&#038;uid=9&#038;mod=document\">\r\n\t\t\t\t\t\t<img decoding=\"async\" src=\"https:\/\/iaminkorea.net\/wp-content\/uploads\/kboard_attached\/6\/202512\/69399c9a012e86535369-120x90.jpg\" alt=\"Ch\u00ednh s\u00e1ch Nh\u00e2n l\u1ef1c H\u00e0n Qu\u1ed1c M\u1edbi: H\u1ed7 tr\u1ee3 Visa Vi\u1ec7c l\u00e0m cho Sinh vi\u00ean Qu\u1ed1c t\u1ebf v\u00e0 \u0110\u00e0o t\u1ea1o Ngh\u1ec1 cho Lao \u0111\u1ed9ng E-9\">\t\t\t\t\t\t<\/a>\r\n\t\t\t\t\t<\/td>\r\n\t\t\t\t\t<td class=\"kboard-list-title\">\r\n\t\t\t\t\t\t<a href=\"\/index.php?rest_route=%2Fwp%2Fv2%2Fpages%2F199&#038;uid=9&#038;mod=document\">\r\n\t\t\t\t\t\t\t<div class=\"kboard-thumbnail-cut-strings\">\r\n\t\t\t\t\t\t\t\t\t\t\t\t\t\t\t\t<div class=\"kboard-mobile-contents\">\r\n\t\t\t\t\t\t\t\t\t<img decoding=\"async\" src=\"https:\/\/iaminkorea.net\/wp-content\/uploads\/kboard_attached\/6\/202512\/69399c9a012e86535369-96x70.jpg\" alt=\"Ch\u00ednh s\u00e1ch Nh\u00e2n l\u1ef1c H\u00e0n Qu\u1ed1c M\u1edbi: H\u1ed7 tr\u1ee3 Visa Vi\u1ec7c l\u00e0m cho Sinh vi\u00ean Qu\u1ed1c t\u1ebf v\u00e0 \u0110\u00e0o t\u1ea1o Ngh\u1ec1 cho Lao \u0111\u1ed9ng E-9\" class=\"contents-thumbnail\">\r\n\t\t\t\t\t\t\t\t<\/div>\r\n\t\t\t\t\t\t\t\t\t\t\t\t\t\t\t\t\t\t\t\t\t\t\t\t\t\t\t\t\t\t\t\tCh\u00ednh s\u00e1ch Nh\u00e2n l\u1ef1c H\u00e0n Qu\u1ed1c M\u1edbi: H\u1ed7 tr\u1ee3 Visa Vi\u1ec7c l\u00e0m cho Sinh vi\u00ean Qu\u1ed1c t\u1ebf v\u00e0 \u0110\u00e0o t\u1ea1o Ngh\u1ec1 cho Lao \u0111\u1ed9ng E-9\t\t\t\t\t\t\t\t<span class=\"kboard-comments-count\"><\/span>\r\n\t\t\t\t\t\t\t<\/div>\r\n\t\t\t\t\t\t<\/a>\r\n\t\t\t\t\t\t<div class=\"kboard-mobile-contents\">\r\n\t\t\t\t\t\t\t<span class=\"contents-item kboard-user\">onsecon<\/span>\r\n\t\t\t\t\t\t\t<span class=\"contents-separator kboard-date\">|<\/span>\r\n\t\t\t\t\t\t\t<span class=\"contents-item kboard-date\">2025.12.10<\/span>\r\n\t\t\t\t\t\t\t<span class=\"contents-separator kboard-vote\">|<\/span>\r\n\t\t\t\t\t\t\t<span class=\"contents-item kboard-vote\">\ucd94\ucc9c 0<\/span>\r\n\t\t\t\t\t\t\t<span class=\"contents-separator kboard-view\">|<\/span>\r\n\t\t\t\t\t\t\t<span class=\"contents-item kboard-view\">\uc870\ud68c 137<\/span>\r\n\t\t\t\t\t\t<\/div>\r\n\t\t\t\t\t<\/td>\r\n\t\t\t\t\t<td class=\"kboard-list-user\">onsecon<\/td>\r\n\t\t\t\t\t<td class=\"kboard-list-date\">2025.12.10<\/td>\r\n\t\t\t\t\t<td class=\"kboard-list-vote\">0<\/td>\r\n\t\t\t\t\t<td class=\"kboard-list-view\">137<\/td>\r\n\t\t\t\t<\/tr>\r\n\t\t\t\t\t\t\t\t\t\t\t\t<tr class=\"\">\r\n\t\t\t\t\t<td class=\"kboard-list-uid\">1<\/td>\r\n\t\t\t\t\t<td class=\"kboard-list-thumbnail\">\r\n\t\t\t\t\t\t<a href=\"\/index.php?rest_route=%2Fwp%2Fv2%2Fpages%2F199&#038;uid=8&#038;mod=document\">\r\n\t\t\t\t\t\t<i class=\"icon-picture\"><\/i>\t\t\t\t\t\t<\/a>\r\n\t\t\t\t\t<\/td>\r\n\t\t\t\t\t<td class=\"kboard-list-title\">\r\n\t\t\t\t\t\t<a href=\"\/index.php?rest_route=%2Fwp%2Fv2%2Fpages%2F199&#038;uid=8&#038;mod=document\">\r\n\t\t\t\t\t\t\t<div class=\"kboard-thumbnail-cut-strings\">\r\n\t\t\t\t\t\t\t\t\t\t\t\t\t\t\t\t\t\t\t\t\t\t\t\t\t\t\t\t\t\t\t\t\u062a\u0633\u0647\u1ec7 C\u01a1 h\u1ed9i Vi\u1ec7c l\u00e0m cho Sinh vi\u00ean Qu\u1ed1c t\u1ebf: Mi\u1ec5n \u0110i\u1ec1u ki\u1ec7n Kinh nghi\u1ec7m n\u1ebfu Tham gia H\u1ec7 th\u1ed1ng \"H\u1ecdc Song H\u00e0nh v\u1edbi C\u00f4ng vi\u1ec7c\t\t\t\t\t\t\t\t<span class=\"kboard-comments-count\"><\/span>\r\n\t\t\t\t\t\t\t<\/div>\r\n\t\t\t\t\t\t<\/a>\r\n\t\t\t\t\t\t<div class=\"kboard-mobile-contents\">\r\n\t\t\t\t\t\t\t<span class=\"contents-item kboard-user\">onsecon<\/span>\r\n\t\t\t\t\t\t\t<span class=\"contents-separator kboard-date\">|<\/span>\r\n\t\t\t\t\t\t\t<span class=\"contents-item kboard-date\">2025.12.10<\/span>\r\n\t\t\t\t\t\t\t<span class=\"contents-separator kboard-vote\">|<\/span>\r\n\t\t\t\t\t\t\t<span class=\"contents-item kboard-vote\">\ucd94\ucc9c 0<\/span>\r\n\t\t\t\t\t\t\t<span class=\"contents-separator kboard-view\">|<\/span>\r\n\t\t\t\t\t\t\t<span class=\"contents-item kboard-view\">\uc870\ud68c 126<\/span>\r\n\t\t\t\t\t\t<\/div>\r\n\t\t\t\t\t<\/td>\r\n\t\t\t\t\t<td class=\"kboard-list-user\">onsecon<\/td>\r\n\t\t\t\t\t<td class=\"kboard-list-date\">2025.12.10<\/td>\r\n\t\t\t\t\t<td class=\"kboard-list-vote\">0<\/td>\r\n\t\t\t\t\t<td class=\"kboard-list-view\">126<\/td>\r\n\t\t\t\t<\/tr>\r\n\t\t\t\t\t\t\t\t\t\t\t<\/tbody>\r\n\t\t<\/table>\r\n\t<\/div>\r\n\t<!-- \ub9ac\uc2a4\ud2b8 \ub05d -->\r\n\t\r\n\t<!-- \ud398\uc774\uc9d5 \uc2dc\uc791 -->\r\n\t<div class=\"kboard-pagination\">\r\n\t\t<ul class=\"kboard-pagination-pages\">\r\n\t\t\t<li class=\"active\"><a href=\"?pageid=1&rest_route=%2Fwp%2Fv2%2Fpages%2F199&mod=list\" onclick=\"return false\">1<\/a><\/li>\t\t<\/ul>\r\n\t<\/div>\r\n\t<!-- \ud398\uc774\uc9d5 \ub05d -->\r\n\t\r\n\t<!-- \uac80\uc0c9\ud3fc \uc2dc\uc791 -->\r\n\t<div class=\"kboard-search\">\r\n\t\t<form id=\"kboard-search-form-6\" method=\"get\" action=\"\/index.php?rest_route=%2Fwp%2Fv2%2Fpages%2F199\">\r\n\t\t\t<input type=\"hidden\" name=\"rest_route\" value=\"\/wp\/v2\/pages\/199\"><input type=\"hidden\" name=\"mod\" value=\"list\"><input type=\"hidden\" name=\"pageid\" value=\"1\">\t\t\t\r\n\t\t\t<select name=\"target\">\r\n\t\t\t\t<option value=\"\">\uc804\uccb4<\/option>\r\n\t\t\t\t<option value=\"title\">\uc81c\ubaa9<\/option>\r\n\t\t\t\t<option value=\"content\">\ub0b4\uc6a9<\/option>\r\n\t\t\t\t<option value=\"member_display\">\uc791\uc131\uc790<\/option>\r\n\t\t\t<\/select>\r\n\t\t\t<input type=\"text\" name=\"keyword\" value=\"\">\r\n\t\t\t<button type=\"submit\" class=\"kboard-thumbnail-button-small\">\uac80\uc0c9<\/button>\r\n\t\t<\/form>\r\n\t<\/div>\r\n\t<!-- \uac80\uc0c9\ud3fc \ub05d -->\r\n\t\r\n\t\t\r\n\t\t<div class=\"kboard-thumbnail-poweredby\">\r\n\t\t<a href=\"https:\/\/www.cosmosfarm.com\/products\/kboard\" onclick=\"window.open(this.href);return false;\" title=\"\uc758\ubbf8\uc788\ub294 \uc6cc\ub4dc\ud504\ub808\uc2a4 \uac8c\uc2dc\ud310\">Powered by KBoard<\/a>\r\n\t<\/div>\r\n\t<\/div>\n","protected":false},"excerpt":{"rendered":"","protected":false},"author":1,"featured_media":0,"parent":0,"menu_order":0,"comment_status":"closed","ping_status":"closed","template":"","meta":{"_uag_custom_page_level_css":"","footnotes":""},"class_list":["post-199","page","type-page","status-publish"],"yoast_head":"<!-- This site is optimized with the Yoast SEO plugin v26.4 - https:\/\/yoast.com\/wordpress\/plugins\/seo\/ -->\n<title>\ub274\uc2a4\/\uc774\uc288 - I am in Korea<\/title>\n<meta name=\"robots\" content=\"index, follow, max-snippet:-1, max-image-preview:large, max-video-preview:-1\" \/>\n<link rel=\"canonical\" href=\"https:\/\/iaminkorea.net\/?page_id=199\" \/>\n<meta property=\"og:locale\" content=\"ko_KR\" \/>\n<meta property=\"og:type\" content=\"article\" \/>\n<meta property=\"og:title\" content=\"\ub274\uc2a4\/\uc774\uc288 - I am in Korea\" \/>\n<meta property=\"og:url\" content=\"https:\/\/iaminkorea.net\/?page_id=199\" \/>\n<meta property=\"og:site_name\" content=\"I am in Korea\" \/>\n<meta property=\"article:modified_time\" content=\"2025-12-10T15:54:30+00:00\" \/>\n<meta name=\"twitter:card\" content=\"summary_large_image\" \/>\n<meta name=\"twitter:label1\" content=\"\uc608\uc0c1 \ub418\ub294 \ud310\ub3c5 \uc2dc\uac04\" \/>\n\t<meta name=\"twitter:data1\" content=\"1\ubd84\" \/>\n<script type=\"application\/ld+json\" class=\"yoast-schema-graph\">{\"@context\":\"https:\/\/schema.org\",\"@graph\":[{\"@type\":\"WebPage\",\"@id\":\"https:\/\/iaminkorea.net\/?page_id=199\",\"url\":\"https:\/\/iaminkorea.net\/?page_id=199\",\"name\":\"\ub274\uc2a4\/\uc774\uc288 - I am in Korea\",\"isPartOf\":{\"@id\":\"https:\/\/iaminkorea.net\/#website\"},\"datePublished\":\"2025-12-10T15:51:12+00:00\",\"dateModified\":\"2025-12-10T15:54:30+00:00\",\"breadcrumb\":{\"@id\":\"https:\/\/iaminkorea.net\/?page_id=199#breadcrumb\"},\"inLanguage\":\"ko-KR\",\"potentialAction\":[{\"@type\":\"ReadAction\",\"target\":[\"https:\/\/iaminkorea.net\/?page_id=199\"]}]},{\"@type\":\"BreadcrumbList\",\"@id\":\"https:\/\/iaminkorea.net\/?page_id=199#breadcrumb\",\"itemListElement\":[{\"@type\":\"ListItem\",\"position\":1,\"name\":\"Home\",\"item\":\"https:\/\/iaminkorea.net\/\"},{\"@type\":\"ListItem\",\"position\":2,\"name\":\"\ub274\uc2a4\/\uc774\uc288\"}]},{\"@type\":\"WebSite\",\"@id\":\"https:\/\/iaminkorea.net\/#website\",\"url\":\"https:\/\/iaminkorea.net\/\",\"name\":\"I am in Korea\",\"description\":\"\",\"potentialAction\":[{\"@type\":\"SearchAction\",\"target\":{\"@type\":\"EntryPoint\",\"urlTemplate\":\"https:\/\/iaminkorea.net\/?s={search_term_string}\"},\"query-input\":{\"@type\":\"PropertyValueSpecification\",\"valueRequired\":true,\"valueName\":\"search_term_string\"}}],\"inLanguage\":\"ko-KR\"}]}<\/script>\n<!-- \/ Yoast SEO plugin. -->","yoast_head_json":{"title":"\ub274\uc2a4\/\uc774\uc288 - I am in Korea","robots":{"index":"index","follow":"follow","max-snippet":"max-snippet:-1","max-image-preview":"max-image-preview:large","max-video-preview":"max-video-preview:-1"},"canonical":"https:\/\/iaminkorea.net\/?page_id=199","og_locale":"ko_KR","og_type":"article","og_title":"\ub274\uc2a4\/\uc774\uc288 - I am in Korea","og_url":"https:\/\/iaminkorea.net\/?page_id=199","og_site_name":"I am in Korea","article_modified_time":"2025-12-10T15:54:30+00:00","twitter_card":"summary_large_image","twitter_misc":{"\uc608\uc0c1 \ub418\ub294 \ud310\ub3c5 \uc2dc\uac04":"1\ubd84"},"schema":{"@context":"https:\/\/schema.org","@graph":[{"@type":"WebPage","@id":"https:\/\/iaminkorea.net\/?page_id=199","url":"https:\/\/iaminkorea.net\/?page_id=199","name":"\ub274\uc2a4\/\uc774\uc288 - I am in Korea","isPartOf":{"@id":"https:\/\/iaminkorea.net\/#website"},"datePublished":"2025-12-10T15:51:12+00:00","dateModified":"2025-12-10T15:54:30+00:00","breadcrumb":{"@id":"https:\/\/iaminkorea.net\/?page_id=199#breadcrumb"},"inLanguage":"ko-KR","potentialAction":[{"@type":"ReadAction","target":["https:\/\/iaminkorea.net\/?page_id=199"]}]},{"@type":"BreadcrumbList","@id":"https:\/\/iaminkorea.net\/?page_id=199#breadcrumb","itemListElement":[{"@type":"ListItem","position":1,"name":"Home","item":"https:\/\/iaminkorea.net\/"},{"@type":"ListItem","position":2,"name":"\ub274\uc2a4\/\uc774\uc288"}]},{"@type":"WebSite","@id":"https:\/\/iaminkorea.net\/#website","url":"https:\/\/iaminkorea.net\/","name":"I am in Korea","description":"","potentialAction":[{"@type":"SearchAction","target":{"@type":"EntryPoint","urlTemplate":"https:\/\/iaminkorea.net\/?s={search_term_string}"},"query-input":{"@type":"PropertyValueSpecification","valueRequired":true,"valueName":"search_term_string"}}],"inLanguage":"ko-KR"}]}},"uagb_featured_image_src":{"full":false,"thumbnail":false,"medium":false,"medium_large":false,"large":false,"1536x1536":false,"2048x2048":false,"trp-custom-language-flag":false},"uagb_author_info":{"display_name":"onsecon","author_link":"https:\/\/iaminkorea.net\/?author=1"},"uagb_comment_info":0,"uagb_excerpt":null,"_links":{"self":[{"href":"https:\/\/iaminkorea.net\/index.php?rest_route=\/wp\/v2\/pages\/199","targetHints":{"allow":["GET"]}}],"collection":[{"href":"https:\/\/iaminkorea.net\/index.php?rest_route=\/wp\/v2\/pages"}],"about":[{"href":"https:\/\/iaminkorea.net\/index.php?rest_route=\/wp\/v2\/types\/page"}],"author":[{"embeddable":true,"href":"https:\/\/iaminkorea.net\/index.php?rest_route=\/wp\/v2\/users\/1"}],"replies":[{"embeddable":true,"href":"https:\/\/iaminkorea.net\/index.php?rest_route=%2Fwp%2Fv2%2Fcomments&post=199"}],"version-history":[{"count":3,"href":"https:\/\/iaminkorea.net\/index.php?rest_route=\/wp\/v2\/pages\/199\/revisions"}],"predecessor-version":[{"id":203,"href":"https:\/\/iaminkorea.net\/index.php?rest_route=\/wp\/v2\/pages\/199\/revisions\/203"}],"wp:attachment":[{"href":"https:\/\/iaminkorea.net\/index.php?rest_route=%2Fwp%2Fv2%2Fmedia&parent=199"}],"curies":[{"name":"wp","href":"https:\/\/api.w.org\/{rel}","templated":true}]}}